{"id":332,"date":"2020-09-10T08:31:54","date_gmt":"2020-09-10T08:31:54","guid":{"rendered":"https:\/\/www.mfseramik.com\/katalog\/"},"modified":"2021-07-06T14:48:06","modified_gmt":"2021-07-06T14:48:06","slug":"catalog","status":"publish","type":"page","link":"https:\/\/www.mfseramik.com\/en\/catalog\/","title":{"rendered":"Catalog"},"content":{"rendered":"\n<p><strong><strong>\r\n<!--change the width and height value as you want.--> \r\n<!-- Do change \"index.htm\" to your real html name of the flippingbook--> \r\n<iframe  style=\"width:100%;height:700px\"  src=\"http:\/\/mfseramik.com\/wp-content\/uploads\/flipbook\/2\/book.html\"  seamless=\"seamless\" scrolling=\"no\" frameborder=\"0\" allowtransparency=\"true\" allowfullscreen mozallowfullscreen  webkitallowfullscreen ><\/iframe>\r\n<\/strong><\/strong><\/p>\n","protected":false},"excerpt":{"rendered":"","protected":false},"author":1,"featured_media":0,"parent":0,"menu_order":0,"comment_status":"closed","ping_status":"closed","template":"elementor_header_footer","meta":{"footnotes":""},"class_list":["post-332","page","type-page","status-publish","hentry"],"yoast_head":"<!-- This site is optimized with the Yoast SEO Premium plugin v18.2.1 (Yoast SEO v23.4) - https:\/\/yoast.com\/wordpress\/plugins\/seo\/ -->\n<title>Catalog - MF Seramik &Uuml;retim Arge<\/title>\n<meta name=\"robots\" content=\"index, follow, max-snippet:-1, max-image-preview:large, max-video-preview:-1\" \/>\n<link rel=\"canonical\" href=\"https:\/\/www.mfseramik.com\/en\/catalog\/\" \/>\n<meta property=\"og:locale\" content=\"en_US\" \/>\n<meta property=\"og:type\" content=\"article\" \/>\n<meta property=\"og:title\" content=\"Catalog\" \/>\n<meta property=\"og:url\" content=\"https:\/\/www.mfseramik.com\/en\/catalog\/\" \/>\n<meta property=\"og:site_name\" content=\"MF Seramik &Uuml;retim Arge\" \/>\n<meta property=\"article:modified_time\" content=\"2021-07-06T14:48:06+00:00\" \/>\n<meta name=\"twitter:card\" content=\"summary_large_image\" \/>\n<script type=\"application\/ld+json\" class=\"yoast-schema-graph\">{\"@context\":\"https:\/\/schema.org\",\"@graph\":[{\"@type\":\"WebPage\",\"@id\":\"https:\/\/www.mfseramik.com\/en\/catalog\/\",\"url\":\"https:\/\/www.mfseramik.com\/en\/catalog\/\",\"name\":\"Catalog - MF Seramik &Uuml;retim Arge\",\"isPartOf\":{\"@id\":\"https:\/\/www.mfseramik.com\/#website\"},\"datePublished\":\"2020-09-10T08:31:54+00:00\",\"dateModified\":\"2021-07-06T14:48:06+00:00\",\"breadcrumb\":{\"@id\":\"https:\/\/www.mfseramik.com\/en\/catalog\/#breadcrumb\"},\"inLanguage\":\"en-US\",\"potentialAction\":[{\"@type\":\"ReadAction\",\"target\":[\"https:\/\/www.mfseramik.com\/en\/catalog\/\"]}]},{\"@type\":\"BreadcrumbList\",\"@id\":\"https:\/\/www.mfseramik.com\/en\/catalog\/#breadcrumb\",\"itemListElement\":[{\"@type\":\"ListItem\",\"position\":1,\"name\":\"Home\",\"item\":\"https:\/\/www.mfseramik.com\/en\/\"},{\"@type\":\"ListItem\",\"position\":2,\"name\":\"Catalog\"}]},{\"@type\":\"WebSite\",\"@id\":\"https:\/\/www.mfseramik.com\/#website\",\"url\":\"https:\/\/www.mfseramik.com\/\",\"name\":\"MF Seramik &Uuml;retim Arge\",\"description\":\"El Yap\u0131m\u0131 Seramik Karo \u0130malat\u0131\",\"publisher\":{\"@id\":\"https:\/\/www.mfseramik.com\/#organization\"},\"potentialAction\":[{\"@type\":\"SearchAction\",\"target\":{\"@type\":\"EntryPoint\",\"urlTemplate\":\"https:\/\/www.mfseramik.com\/?s={search_term_string}\"},\"query-input\":{\"@type\":\"PropertyValueSpecification\",\"valueRequired\":true,\"valueName\":\"search_term_string\"}}],\"inLanguage\":\"en-US\"},{\"@type\":\"Organization\",\"@id\":\"https:\/\/www.mfseramik.com\/#organization\",\"name\":\"MF Art Ceramic\",\"url\":\"https:\/\/www.mfseramik.com\/\",\"logo\":{\"@type\":\"ImageObject\",\"inLanguage\":\"en-US\",\"@id\":\"https:\/\/www.mfseramik.com\/#\/schema\/logo\/image\/\",\"url\":\"https:\/\/www.mfseramik.com\/wp-content\/uploads\/2020\/08\/cropped-Logo-MF-png-e1599807969636-1-e1599917712856.png\",\"contentUrl\":\"https:\/\/www.mfseramik.com\/wp-content\/uploads\/2020\/08\/cropped-Logo-MF-png-e1599807969636-1-e1599917712856.png\",\"width\":240,\"height\":240,\"caption\":\"MF Art Ceramic\"},\"image\":{\"@id\":\"https:\/\/www.mfseramik.com\/#\/schema\/logo\/image\/\"}}]}<\/script>\n<!-- \/ Yoast SEO Premium plugin. -->","yoast_head_json":{"title":"Catalog - MF Seramik &Uuml;retim Arge","robots":{"index":"index","follow":"follow","max-snippet":"max-snippet:-1","max-image-preview":"max-image-preview:large","max-video-preview":"max-video-preview:-1"},"canonical":"https:\/\/www.mfseramik.com\/en\/catalog\/","og_locale":"en_US","og_type":"article","og_title":"Catalog","og_url":"https:\/\/www.mfseramik.com\/en\/catalog\/","og_site_name":"MF Seramik &Uuml;retim Arge","article_modified_time":"2021-07-06T14:48:06+00:00","twitter_card":"summary_large_image","schema":{"@context":"https:\/\/schema.org","@graph":[{"@type":"WebPage","@id":"https:\/\/www.mfseramik.com\/en\/catalog\/","url":"https:\/\/www.mfseramik.com\/en\/catalog\/","name":"Catalog - MF Seramik &Uuml;retim Arge","isPartOf":{"@id":"https:\/\/www.mfseramik.com\/#website"},"datePublished":"2020-09-10T08:31:54+00:00","dateModified":"2021-07-06T14:48:06+00:00","breadcrumb":{"@id":"https:\/\/www.mfseramik.com\/en\/catalog\/#breadcrumb"},"inLanguage":"en-US","potentialAction":[{"@type":"ReadAction","target":["https:\/\/www.mfseramik.com\/en\/catalog\/"]}]},{"@type":"BreadcrumbList","@id":"https:\/\/www.mfseramik.com\/en\/catalog\/#breadcrumb","itemListElement":[{"@type":"ListItem","position":1,"name":"Home","item":"https:\/\/www.mfseramik.com\/en\/"},{"@type":"ListItem","position":2,"name":"Catalog"}]},{"@type":"WebSite","@id":"https:\/\/www.mfseramik.com\/#website","url":"https:\/\/www.mfseramik.com\/","name":"MF Seramik &Uuml;retim Arge","description":"El Yap\u0131m\u0131 Seramik Karo \u0130malat\u0131","publisher":{"@id":"https:\/\/www.mfseramik.com\/#organization"},"potentialAction":[{"@type":"SearchAction","target":{"@type":"EntryPoint","urlTemplate":"https:\/\/www.mfseramik.com\/?s={search_term_string}"},"query-input":{"@type":"PropertyValueSpecification","valueRequired":true,"valueName":"search_term_string"}}],"inLanguage":"en-US"},{"@type":"Organization","@id":"https:\/\/www.mfseramik.com\/#organization","name":"MF Art Ceramic","url":"https:\/\/www.mfseramik.com\/","logo":{"@type":"ImageObject","inLanguage":"en-US","@id":"https:\/\/www.mfseramik.com\/#\/schema\/logo\/image\/","url":"https:\/\/www.mfseramik.com\/wp-content\/uploads\/2020\/08\/cropped-Logo-MF-png-e1599807969636-1-e1599917712856.png","contentUrl":"https:\/\/www.mfseramik.com\/wp-content\/uploads\/2020\/08\/cropped-Logo-MF-png-e1599807969636-1-e1599917712856.png","width":240,"height":240,"caption":"MF Art Ceramic"},"image":{"@id":"https:\/\/www.mfseramik.com\/#\/schema\/logo\/image\/"}}]}},"_links":{"self":[{"href":"https:\/\/www.mfseramik.com\/en\/wp-json\/wp\/v2\/pages\/332"}],"collection":[{"href":"https:\/\/www.mfseramik.com\/en\/wp-json\/wp\/v2\/pages"}],"about":[{"href":"https:\/\/www.mfseramik.com\/en\/wp-json\/wp\/v2\/types\/page"}],"author":[{"embeddable":true,"href":"https:\/\/www.mfseramik.com\/en\/wp-json\/wp\/v2\/users\/1"}],"replies":[{"embeddable":true,"href":"https:\/\/www.mfseramik.com\/en\/wp-json\/wp\/v2\/comments?post=332"}],"version-history":[{"count":1,"href":"https:\/\/www.mfseramik.com\/en\/wp-json\/wp\/v2\/pages\/332\/revisions"}],"predecessor-version":[{"id":333,"href":"https:\/\/www.mfseramik.com\/en\/wp-json\/wp\/v2\/pages\/332\/revisions\/333"}],"wp:attachment":[{"href":"https:\/\/www.mfseramik.com\/en\/wp-json\/wp\/v2\/media?parent=332"}],"curies":[{"name":"wp","href":"https:\/\/api.w.org\/{rel}","templated":true}]}}